{"id":3254,"date":"2025-10-16T15:11:46","date_gmt":"2025-10-16T13:11:46","guid":{"rendered":"https:\/\/www.riminiluxor.com\/parcs-dattractions\/"},"modified":"2025-10-29T14:32:24","modified_gmt":"2025-10-29T13:32:24","slug":"parcs-dattractions","status":"publish","type":"page","link":"https:\/\/www.riminiluxor.com\/fr\/parcs-dattractions\/","title":{"rendered":"Parcs d&rsquo;attractions"},"content":{"rendered":"\t\t<div data-elementor-type=\"wp-page\" data-elementor-id=\"3254\" class=\"elementor elementor-3254 elementor-1306\" data-elementor-post-type=\"page\">\n\t\t\t\t<div class=\"elementor-element elementor-element-942ee37 e-flex e-con-boxed e-con e-parent\" data-id=\"942ee37\" data-element_type=\"container\" data-e-type=\"container\">\n\t\t\t\t\t<div class=\"e-con-inner\">\n\t\t<div class=\"elementor-element elementor-element-9ad3342 e-con-full slidertop e-flex e-con e-child\" data-id=\"9ad3342\" data-element_type=\"container\" data-e-type=\"container\">\n\t\t\t\t<div class=\"elementor-element elementor-element-cbfda18 elementor--h-position-center elementor--v-position-middle elementor-arrows-position-inside elementor-pagination-position-inside elementor-widget elementor-widget-slides\" data-id=\"cbfda18\" data-element_type=\"widget\" data-e-type=\"widget\" data-settings=\"{&quot;navigation&quot;:&quot;both&quot;,&quot;autoplay&quot;:&quot;yes&quot;,&quot;pause_on_hover&quot;:&quot;yes&quot;,&quot;pause_on_interaction&quot;:&quot;yes&quot;,&quot;autoplay_speed&quot;:5000,&quot;infinite&quot;:&quot;yes&quot;,&quot;transition&quot;:&quot;slide&quot;,&quot;transition_speed&quot;:500}\" data-widget_type=\"slides.default\">\n\t\t\t\t<div class=\"elementor-widget-container\">\n\t\t\t\t\t\t\t\t\t<div class=\"elementor-swiper\">\n\t\t\t\t\t<div class=\"elementor-slides-wrapper elementor-main-swiper swiper\" role=\"region\" aria-roledescription=\"carousel\" aria-label=\"Slides\" dir=\"ltr\" data-animation=\"fadeInUp\">\n\t\t\t\t<div class=\"swiper-wrapper elementor-slides\">\n\t\t\t\t\t\t\t\t\t\t<div class=\"elementor-repeater-item-f74f4e0 swiper-slide\" role=\"group\" aria-roledescription=\"slide\"><div class=\"swiper-slide-bg elementor-ken-burns elementor-ken-burns--in\" role=\"img\" aria-label=\"Famille profitant d&#039;une journ\u00e9e ensoleill\u00e9e dans un parc aquatique avec des toboggans et des jeux d&#039;eau.\"><\/div><div class=\"swiper-slide-inner\" ><div class=\"swiper-slide-contents\"><\/div><\/div><\/div><div class=\"elementor-repeater-item-69d9099 swiper-slide\" role=\"group\" aria-roledescription=\"slide\"><div class=\"swiper-slide-bg elementor-ken-burns elementor-ken-burns--in\" role=\"img\" aria-label=\"Des personnes criant de joie sur un grand huit rouge sous un ciel bleu clair.\"><\/div><div class=\"swiper-slide-inner\" ><div class=\"swiper-slide-contents\"><\/div><\/div><\/div><div class=\"elementor-repeater-item-0160762 swiper-slide\" role=\"group\" aria-roledescription=\"slide\"><div class=\"swiper-slide-bg elementor-ken-burns elementor-ken-burns--in\" role=\"img\" aria-label=\"Deux personnes s&#039;amusent sur des bou\u00e9es dans une piscine \u00e0 vagues.\"><\/div><div class=\"swiper-slide-inner\" ><div class=\"swiper-slide-contents\"><\/div><\/div><\/div><div class=\"elementor-repeater-item-b6c5102 swiper-slide\" role=\"group\" aria-roledescription=\"slide\"><div class=\"swiper-slide-bg elementor-ken-burns elementor-ken-burns--in\" role=\"img\" aria-label=\"Monorail survolant un parc miniature avec des visiteurs et un ciel bleu.\"><\/div><div class=\"swiper-slide-inner\" ><div class=\"swiper-slide-contents\"><\/div><\/div><\/div><div class=\"elementor-repeater-item-1768229 swiper-slide\" role=\"group\" aria-roledescription=\"slide\"><div class=\"swiper-slide-bg elementor-ken-burns elementor-ken-burns--in\" role=\"img\" aria-label=\"Bateau \u00e0 aubes blanc accostant un quai en bois, entour\u00e9 de verdure.\"><\/div><div class=\"swiper-slide-inner\" ><div class=\"swiper-slide-contents\"><\/div><\/div><\/div><div class=\"elementor-repeater-item-807a42e swiper-slide\" role=\"group\" aria-roledescription=\"slide\"><div class=\"swiper-slide-bg elementor-ken-burns elementor-ken-burns--in\" role=\"img\" aria-label=\"Une enfant observe une baleine \u00e0 travers une vitre d&#039;aquarium.\"><\/div><div class=\"swiper-slide-inner\" ><div class=\"swiper-slide-contents\"><\/div><\/div><\/div>\t\t\t\t<\/div>\n\t\t\t\t\t\t\t\t\t\t\t\t\t\t\t<div class=\"elementor-swiper-button elementor-swiper-button-prev\" role=\"button\" tabindex=\"0\" aria-label=\"Diapositive pr\u00e9c\u00e9dente\">\n\t\t\t\t\t\t\t<svg aria-hidden=\"true\" class=\"e-font-icon-svg e-eicon-chevron-left\" viewBox=\"0 0 1000 1000\" xmlns=\"http:\/\/www.w3.org\/2000\/svg\"><path d=\"M646 125C629 125 613 133 604 142L308 442C296 454 292 471 292 487 292 504 296 521 308 533L604 854C617 867 629 875 646 875 663 875 679 871 692 858 704 846 713 829 713 812 713 796 708 779 692 767L438 487 692 225C700 217 708 204 708 187 708 171 704 154 692 142 675 129 663 125 646 125Z\"><\/path><\/svg>\t\t\t\t\t\t<\/div>\n\t\t\t\t\t\t<div class=\"elementor-swiper-button elementor-swiper-button-next\" role=\"button\" tabindex=\"0\" aria-label=\"Diapositive suivante\">\n\t\t\t\t\t\t\t<svg aria-hidden=\"true\" class=\"e-font-icon-svg e-eicon-chevron-right\" viewBox=\"0 0 1000 1000\" xmlns=\"http:\/\/www.w3.org\/2000\/svg\"><path d=\"M696 533C708 521 713 504 713 487 713 471 708 454 696 446L400 146C388 133 375 125 354 125 338 125 325 129 313 142 300 154 292 171 292 187 292 204 296 221 308 233L563 492 304 771C292 783 288 800 288 817 288 833 296 850 308 863 321 871 338 875 354 875 371 875 388 867 400 854L696 533Z\"><\/path><\/svg>\t\t\t\t\t\t<\/div>\n\t\t\t\t\t\t\t\t\t\t\t\t\t\t\t\t<div class=\"swiper-pagination\"><\/div>\n\t\t\t\t\t\t\t\t\t\t\t\t<\/div>\n\t\t\t\t<\/div>\n\t\t\t\t\t\t\t\t<\/div>\n\t\t\t\t<\/div>\n\t\t\t\t<div class=\"elementor-element elementor-element-7d71b25 elementor-absolute e-transform elementor-view-default elementor-widget elementor-widget-icon\" data-id=\"7d71b25\" data-element_type=\"widget\" data-e-type=\"widget\" data-settings=\"{&quot;_position&quot;:&quot;absolute&quot;,&quot;_transform_translateX_effect&quot;:{&quot;unit&quot;:&quot;%&quot;,&quot;size&quot;:-50,&quot;sizes&quot;:[]},&quot;_transform_translateX_effect_laptop&quot;:{&quot;unit&quot;:&quot;%&quot;,&quot;size&quot;:&quot;&quot;,&quot;sizes&quot;:[]},&quot;_transform_translateX_effect_tablet_extra&quot;:{&quot;unit&quot;:&quot;%&quot;,&quot;size&quot;:&quot;&quot;,&quot;sizes&quot;:[]},&quot;_transform_translateX_effect_tablet&quot;:{&quot;unit&quot;:&quot;%&quot;,&quot;size&quot;:&quot;&quot;,&quot;sizes&quot;:[]},&quot;_transform_translateX_effect_mobile&quot;:{&quot;unit&quot;:&quot;%&quot;,&quot;size&quot;:&quot;&quot;,&quot;sizes&quot;:[]},&quot;_transform_translateY_effect&quot;:{&quot;unit&quot;:&quot;px&quot;,&quot;size&quot;:&quot;&quot;,&quot;sizes&quot;:[]},&quot;_transform_translateY_effect_laptop&quot;:{&quot;unit&quot;:&quot;px&quot;,&quot;size&quot;:&quot;&quot;,&quot;sizes&quot;:[]},&quot;_transform_translateY_effect_tablet_extra&quot;:{&quot;unit&quot;:&quot;px&quot;,&quot;size&quot;:&quot;&quot;,&quot;sizes&quot;:[]},&quot;_transform_translateY_effect_tablet&quot;:{&quot;unit&quot;:&quot;px&quot;,&quot;size&quot;:&quot;&quot;,&quot;sizes&quot;:[]},&quot;_transform_translateY_effect_mobile&quot;:{&quot;unit&quot;:&quot;px&quot;,&quot;size&quot;:&quot;&quot;,&quot;sizes&quot;:[]}}\" data-widget_type=\"icon.default\">\n\t\t\t\t<div class=\"elementor-widget-container\">\n\t\t\t\t\t\t\t<div class=\"elementor-icon-wrapper\">\n\t\t\t<a class=\"elementor-icon\" href=\"#start\">\n\t\t\t<svg xmlns=\"http:\/\/www.w3.org\/2000\/svg\" viewBox=\"0 0 640 640\"><path d=\"M314.3 477.7C317.4 480.8 322.5 480.8 325.6 477.7L541.6 261.7C544.7 258.6 544.7 253.5 541.6 250.4C538.5 247.3 533.4 247.3 530.3 250.4L320 460.7L109.7 250.3C106.6 247.2 101.5 247.2 98.4 250.3C95.3 253.4 95.3 258.5 98.4 261.6L314.4 477.6z\"><\/path><\/svg>\t\t\t<\/a>\n\t\t<\/div>\n\t\t\t\t\t\t<\/div>\n\t\t\t\t<\/div>\n\t\t\t\t<\/div>\n\t\t\t\t<div class=\"elementor-element elementor-element-c2d8a2e elementor-widget elementor-widget-menu-anchor\" data-id=\"c2d8a2e\" data-element_type=\"widget\" data-e-type=\"widget\" data-widget_type=\"menu-anchor.default\">\n\t\t\t\t<div class=\"elementor-widget-container\">\n\t\t\t\t\t\t\t<div class=\"elementor-menu-anchor\" id=\"start\"><\/div>\n\t\t\t\t\t\t<\/div>\n\t\t\t\t<\/div>\n\t\t<div class=\"elementor-element elementor-element-6b39348 e-con-full e-flex e-con e-child\" data-id=\"6b39348\" data-element_type=\"container\" data-e-type=\"container\">\n\t\t<div class=\"elementor-element elementor-element-bc072d9 e-con-full e-flex elementor-invisible e-con e-child\" data-id=\"bc072d9\" data-element_type=\"container\" data-e-type=\"container\" data-settings=\"{&quot;animation&quot;:&quot;fadeInLeft&quot;}\">\n\t\t\t\t<div class=\"elementor-element elementor-element-dc4584f elementor-widget elementor-widget-heading\" data-id=\"dc4584f\" data-element_type=\"widget\" data-e-type=\"widget\" data-widget_type=\"heading.default\">\n\t\t\t\t<div class=\"elementor-widget-container\">\n\t\t\t\t\t<h1 class=\"elementor-heading-title elementor-size-default\">Parcs d'attractions<\/h1>\t\t\t\t<\/div>\n\t\t\t\t<\/div>\n\t\t\t\t<div class=\"elementor-element elementor-element-669e2c0 elementor-widget elementor-widget-heading\" data-id=\"669e2c0\" data-element_type=\"widget\" data-e-type=\"widget\" data-widget_type=\"heading.default\">\n\t\t\t\t<div class=\"elementor-widget-container\">\n\t\t\t\t\t<h2 class=\"elementor-heading-title elementor-size-default\">H\u00f4tels \u00e0 Rimini pour visiter les nombreux parcs d'attractions de la Romagne <\/h2>\t\t\t\t<\/div>\n\t\t\t\t<\/div>\n\t\t\t\t<div class=\"elementor-element elementor-element-d4c422d elementor-widget elementor-widget-text-editor\" data-id=\"d4c422d\" data-element_type=\"widget\" data-e-type=\"widget\" data-widget_type=\"text-editor.default\">\n\t\t\t\t<div class=\"elementor-widget-container\">\n\t\t\t\t\t\t\t\t\t<p>Quel que soit le type de <strong>vacances<\/strong> que vous souhaitez passer \u00e0 <strong>Rimini<\/strong> et sur la <strong>Riviera Romagnola<\/strong>, l&rsquo;<strong>H\u00f4tel Luxor<\/strong> sera votre <em>alli\u00e9<\/em> privil\u00e9gi\u00e9. Comme nous l&rsquo;avons d\u00e9j\u00e0 mentionn\u00e9 dans les pages consacr\u00e9es \u00e0 cet \u00e9tablissement, nous sommes en effet un\u00a0<strong>h\u00f4tel ouvert toute l&rsquo;ann\u00e9e \u00e0 Rimini<\/strong>, un\u00a0<strong>h\u00f4tel situ\u00e9 pr\u00e8s du front de mer<\/strong>\u00a0qui propose des services destin\u00e9s aussi bien aux voyageurs d&rsquo;affaires qu&rsquo;aux touristes.<\/p>\n<p>Et si ceux qui viennent ici pour le travail peuvent trouver le soutien et la fonctionnalit\u00e9 de structures spectaculaires et tr\u00e8s efficaces telles que la <strong>Fiera di Rimini<\/strong> et le nouveau grand <strong>Palacongressi<\/strong>, il ne manque pas non plus d&rsquo;offres et de propositions pour ceux qui viennent \u00e0 <strong>Rimini<\/strong> pour se d\u00e9tendre au mieux et, surtout, s&rsquo;amuser !<\/p>\n<p>Bien s\u00fbr, la mer et la plage suffiraient certainement \u00e0 satisfaire les d\u00e9sirs de beaucoup, mais pourquoi, pour une fois que l&rsquo;on s&rsquo;offre un cadeau, s&rsquo;arr\u00eater l\u00e0 ? N&rsquo;est-il pas pr\u00e9f\u00e9rable, tant qu&rsquo;\u00e0 faire, de s&rsquo;offrir le meilleur ?<\/p>\n\t\t\t\t\t\t\t\t<\/div>\n\t\t\t\t<\/div>\n\t\t\t\t<\/div>\n\t\t<div class=\"elementor-element elementor-element-1e61beb e-con-full elementor-hidden-tablet elementor-hidden-mobile e-flex elementor-invisible e-con e-child\" data-id=\"1e61beb\" data-element_type=\"container\" data-e-type=\"container\" data-settings=\"{&quot;animation&quot;:&quot;fadeIn&quot;,&quot;animation_delay&quot;:300,&quot;background_background&quot;:&quot;classic&quot;}\">\n\t\t\t\t<\/div>\n\t\t<div class=\"elementor-element elementor-element-f119fd1 e-con-full elementor-hidden-tablet elementor-hidden-mobile e-flex elementor-invisible e-con e-child\" data-id=\"f119fd1\" data-element_type=\"container\" data-e-type=\"container\" data-settings=\"{&quot;animation&quot;:&quot;fadeIn&quot;,&quot;animation_delay&quot;:300,&quot;background_background&quot;:&quot;classic&quot;}\">\n\t\t\t\t<div class=\"elementor-element elementor-element-0f4f9db elementor-absolute elementor-widget elementor-widget-image\" data-id=\"0f4f9db\" data-element_type=\"widget\" data-e-type=\"widget\" data-settings=\"{&quot;_position&quot;:&quot;absolute&quot;}\" data-widget_type=\"image.default\">\n\t\t\t\t<div class=\"elementor-widget-container\">\n\t\t\t\t\t\t\t\t\t\t\t\t\t\t\t<img decoding=\"async\" width=\"120\" height=\"163\" src=\"https:\/\/www.riminiluxor.com\/wp-content\/uploads\/2025\/10\/deco1.webp\" class=\"attachment-large size-large wp-image-1779\" alt=\"\" loading=\"lazy\" \/>\t\t\t\t\t\t\t\t\t\t\t\t\t\t\t<\/div>\n\t\t\t\t<\/div>\n\t\t\t\t<div class=\"elementor-element elementor-element-4622877 elementor-absolute elementor-widget elementor-widget-image\" data-id=\"4622877\" data-element_type=\"widget\" data-e-type=\"widget\" data-settings=\"{&quot;_position&quot;:&quot;absolute&quot;}\" data-widget_type=\"image.default\">\n\t\t\t\t<div class=\"elementor-widget-container\">\n\t\t\t\t\t\t\t\t\t\t\t\t\t\t\t<img decoding=\"async\" width=\"120\" height=\"163\" src=\"https:\/\/www.riminiluxor.com\/wp-content\/uploads\/2025\/10\/deco2.webp\" class=\"attachment-large size-large wp-image-1784\" alt=\"\" loading=\"lazy\" \/>\t\t\t\t\t\t\t\t\t\t\t\t\t\t\t<\/div>\n\t\t\t\t<\/div>\n\t\t\t\t<\/div>\n\t\t<div class=\"elementor-element elementor-element-bf965de e-con-full e-flex elementor-invisible e-con e-child\" data-id=\"bf965de\" data-element_type=\"container\" data-e-type=\"container\" data-settings=\"{&quot;animation&quot;:&quot;fadeInRight&quot;,&quot;animation_delay&quot;:300,&quot;background_background&quot;:&quot;classic&quot;}\">\n\t\t\t\t<\/div>\n\t\t\t\t<\/div>\n\t\t<div class=\"elementor-element elementor-element-e694acb e-con-full e-flex elementor-invisible e-con e-child\" data-id=\"e694acb\" data-element_type=\"container\" data-e-type=\"container\" data-settings=\"{&quot;background_background&quot;:&quot;classic&quot;,&quot;animation&quot;:&quot;fadeIn&quot;}\">\n\t\t\t\t<\/div>\n\t\t<div class=\"elementor-element elementor-element-85dcbd1 e-con-full e-flex e-con e-child\" data-id=\"85dcbd1\" data-element_type=\"container\" data-e-type=\"container\">\n\t\t<div class=\"elementor-element elementor-element-b529e69 e-con-full e-flex elementor-invisible e-con e-child\" data-id=\"b529e69\" data-element_type=\"container\" data-e-type=\"container\" data-settings=\"{&quot;animation&quot;:&quot;fadeInLeft&quot;,&quot;animation_delay&quot;:300,&quot;background_background&quot;:&quot;classic&quot;}\">\n\t\t\t\t<\/div>\n\t\t<div class=\"elementor-element elementor-element-2cf7a0e e-con-full e-flex elementor-invisible e-con e-child\" data-id=\"2cf7a0e\" data-element_type=\"container\" data-e-type=\"container\" data-settings=\"{&quot;animation&quot;:&quot;fadeInRight&quot;}\">\n\t\t\t\t<div class=\"elementor-element elementor-element-4727656 elementor-widget elementor-widget-heading\" data-id=\"4727656\" data-element_type=\"widget\" data-e-type=\"widget\" data-widget_type=\"heading.default\">\n\t\t\t\t<div class=\"elementor-widget-container\">\n\t\t\t\t\t<h4 class=\"elementor-heading-title elementor-size-default\">Aux parcs de la Riviera Romagnole avec des offres sp\u00e9ciale<\/h4>\t\t\t\t<\/div>\n\t\t\t\t<\/div>\n\t\t\t\t<div class=\"elementor-element elementor-element-bd7b1a4 elementor-widget elementor-widget-text-editor\" data-id=\"bd7b1a4\" data-element_type=\"widget\" data-e-type=\"widget\" data-widget_type=\"text-editor.default\">\n\t\t\t\t<div class=\"elementor-widget-container\">\n\t\t\t\t\t\t\t\t\t<p>Vous pouvez donc profiter de la formule\u00a0<strong>bed and breakfast<\/strong>de l&rsquo;\u00a0<strong>h\u00f4tel Luxor 4 \u00e9toiles de Rimini<\/strong>pour partir chaque jour \u00e0 la d\u00e9couverte d&rsquo;un\u00a0<strong>parc d&rsquo;attractions<\/strong>diff\u00e9rent.<\/p>\n<p>Gr\u00e2ce aux offres sp\u00e9ciales et sp\u00e9cifiques <strong>forfaits<\/strong> et <strong>last minute<\/strong> que nous avons con\u00e7ues pour vous, vous pouvez s\u00e9journer plusieurs jours et choisir, par exemple, entre :<\/p>\n<ul class=\"ulhome\">\n<li><strong>Aquafan\u00a0<\/strong>et l&rsquo;<strong>Oltremare<\/strong>\u00a0<strong>de Riccione<\/strong><\/li>\n<li><strong>Mirabilandia<\/strong> \u00e0 Savio di Ravenna<\/li>\n<li><strong>Italia in Miniatura<\/strong>\u00a0\u00e0 Viserba<\/li>\n<li><strong>Aquarium Le Navi<\/strong>\u00a0de Cattolica<\/li>\n<li>Les plus petits seront quant \u00e0 eux ravis de d\u00e9couvrir l&rsquo;univers de\u00a0<strong>Fiabilandia<\/strong>\u00a0\u00e0 Miramare.<\/li>\n<\/ul>\n<p>Pour tous ces <strong>parcs d&rsquo;attractions<\/strong>, comme nous l&rsquo;avons dit, l&rsquo;<strong>h\u00f4tel Luxor de Rimini<\/strong> constitue un excellent point de d\u00e9part pour allier le plaisir rafra\u00eechissant de la <strong>plage<\/strong> \u00e0 la possibilit\u00e9 de s&rsquo;amuser en famille ou entre amis !<\/p>\n\t\t\t\t\t\t\t\t<\/div>\n\t\t\t\t<\/div>\n\t\t\t\t<\/div>\n\t\t\t\t<\/div>\n\t\t\t\t<div class=\"elementor-element elementor-element-d08d6c6 elementor-widget elementor-widget-template\" data-id=\"d08d6c6\" data-element_type=\"widget\" data-e-type=\"widget\" data-widget_type=\"template.default\">\n\t\t\t\t<div class=\"elementor-widget-container\">\n\t\t\t\t\t\t\t<div class=\"elementor-template\">\n\t\t\t\t\t<div data-elementor-type=\"container\" data-elementor-id=\"3348\" class=\"elementor elementor-3348 elementor-2305 elementor-2305\" data-elementor-post-type=\"elementor_library\">\n\t\t\t\t<div class=\"elementor-element elementor-element-9b1d1b1 e-con-full OLM e-flex elementor-invisible e-con e-child\" data-id=\"9b1d1b1\" data-element_type=\"container\" data-e-type=\"container\" data-settings=\"{&quot;background_background&quot;:&quot;classic&quot;,&quot;animation&quot;:&quot;fadeIn&quot;}\">\n\t\t<div class=\"elementor-element elementor-element-6d791c9 e-con-full e-flex e-con e-child\" data-id=\"6d791c9\" data-element_type=\"container\" data-e-type=\"container\">\n\t\t\t\t<div class=\"elementor-element elementor-element-580c1d5 elementor-widget elementor-widget-heading\" data-id=\"580c1d5\" data-element_type=\"widget\" data-e-type=\"widget\" data-widget_type=\"heading.default\">\n\t\t\t\t<div class=\"elementor-widget-container\">\n\t\t\t\t\t<h3 class=\"elementor-heading-title elementor-size-default\">Offerte Vacanze<\/h3>\t\t\t\t<\/div>\n\t\t\t\t<\/div>\n\t\t\t\t<div class=\"elementor-element elementor-element-496caef elementor-widget elementor-widget-heading\" data-id=\"496caef\" data-element_type=\"widget\" data-e-type=\"widget\" data-widget_type=\"heading.default\">\n\t\t\t\t<div class=\"elementor-widget-container\">\n\t\t\t\t\t<h4 class=\"elementor-heading-title elementor-size-default\">Per le Vacanze a Rimini saremo il tuo hotel vicino al mare<\/h4>\t\t\t\t<\/div>\n\t\t\t\t<\/div>\n\t\t\t\t<div class=\"elementor-element elementor-element-91a2bb0 elementor-widget elementor-widget-button\" data-id=\"91a2bb0\" data-element_type=\"widget\" data-e-type=\"widget\" data-widget_type=\"button.default\">\n\t\t\t\t<div class=\"elementor-widget-container\">\n\t\t\t\t\t\t\t\t\t<div class=\"elementor-button-wrapper\">\n\t\t\t\t\t<a class=\"elementor-button elementor-button-link elementor-size-sm\" href=\"https:\/\/www.riminiluxor.com\/fr\/offres-de-vacances\/\">\n\t\t\t\t\t\t<span class=\"elementor-button-content-wrapper\">\n\t\t\t\t\t\t\t\t\t<span class=\"elementor-button-text\">Visualizza tutte le offerte<\/span>\n\t\t\t\t\t<\/span>\n\t\t\t\t\t<\/a>\n\t\t\t\t<\/div>\n\t\t\t\t\t\t\t\t<\/div>\n\t\t\t\t<\/div>\n\t\t\t\t<\/div>\n\t\t<div class=\"elementor-element elementor-element-276c75f e-con-full e-flex e-con e-child\" data-id=\"276c75f\" data-element_type=\"container\" data-e-type=\"container\">\n\t\t\t\t<div class=\"elementor-element elementor-element-0a48b37 elementor-arrows-position-inside elementor-widget elementor-widget-loop-carousel\" data-id=\"0a48b37\" data-element_type=\"widget\" data-e-type=\"widget\" data-settings=\"{&quot;template_id&quot;:3362,&quot;slides_to_show_laptop&quot;:&quot;2&quot;,&quot;slides_to_show_tablet_extra&quot;:&quot;2&quot;,&quot;image_spacing_custom&quot;:{&quot;unit&quot;:&quot;px&quot;,&quot;size&quot;:20,&quot;sizes&quot;:[]},&quot;_skin&quot;:&quot;post&quot;,&quot;slides_to_show&quot;:&quot;3&quot;,&quot;slides_to_show_tablet&quot;:&quot;2&quot;,&quot;slides_to_show_mobile&quot;:&quot;1&quot;,&quot;slides_to_scroll&quot;:&quot;1&quot;,&quot;edit_handle_selector&quot;:&quot;.elementor-loop-container&quot;,&quot;autoplay&quot;:&quot;yes&quot;,&quot;autoplay_speed&quot;:5000,&quot;pause_on_hover&quot;:&quot;yes&quot;,&quot;pause_on_interaction&quot;:&quot;yes&quot;,&quot;speed&quot;:500,&quot;arrows&quot;:&quot;yes&quot;,&quot;image_spacing_custom_laptop&quot;:{&quot;unit&quot;:&quot;px&quot;,&quot;size&quot;:&quot;&quot;,&quot;sizes&quot;:[]},&quot;image_spacing_custom_tablet_extra&quot;:{&quot;unit&quot;:&quot;px&quot;,&quot;size&quot;:&quot;&quot;,&quot;sizes&quot;:[]},&quot;image_spacing_custom_tablet&quot;:{&quot;unit&quot;:&quot;px&quot;,&quot;size&quot;:&quot;&quot;,&quot;sizes&quot;:[]},&quot;image_spacing_custom_mobile&quot;:{&quot;unit&quot;:&quot;px&quot;,&quot;size&quot;:&quot;&quot;,&quot;sizes&quot;:[]}}\" data-widget_type=\"loop-carousel.post\">\n\t\t\t\t<div class=\"elementor-widget-container\">\n\t\t\t\t\t\t\t<div class=\"e-loop-nothing-found-message\">\n\t\t<\/div>\n\t\t\t\t\t\t<\/div>\n\t\t\t\t<\/div>\n\t\t\t\t<\/div>\n\t\t\t\t<\/div>\n\t\t\t\t<\/div>\n\t\t\t\t<\/div>\n\t\t\t\t\t\t<\/div>\n\t\t\t\t<\/div>\n\t\t\t\t\t<\/div>\n\t\t\t\t<\/div>\n\t\t\t\t<\/div>\n\t\t","protected":false},"excerpt":{"rendered":"<p>Parcs d&rsquo;attractions H\u00f4tels \u00e0 Rimini pour visiter les nombreux parcs d&rsquo;attractions de la Romagne Quel que soit le type de vacances que vous souhaitez passer \u00e0 Rimini et sur la Riviera Romagnola, l&rsquo;H\u00f4tel Luxor sera votre alli\u00e9 privil\u00e9gi\u00e9. Comme nous l&rsquo;avons d\u00e9j\u00e0 mentionn\u00e9 dans les pages consacr\u00e9es \u00e0 cet \u00e9tablissement, nous sommes en effet un\u00a0h\u00f4tel [&hellip;]<\/p>\n","protected":false},"author":2,"featured_media":0,"parent":0,"menu_order":0,"comment_status":"closed","ping_status":"closed","template":"","meta":{"_acf_changed":false,"footnotes":""},"class_list":["post-3254","page","type-page","status-publish","hentry"],"acf":[],"_links":{"self":[{"href":"https:\/\/www.riminiluxor.com\/fr\/wp-json\/wp\/v2\/pages\/3254","targetHints":{"allow":["GET"]}}],"collection":[{"href":"https:\/\/www.riminiluxor.com\/fr\/wp-json\/wp\/v2\/pages"}],"about":[{"href":"https:\/\/www.riminiluxor.com\/fr\/wp-json\/wp\/v2\/types\/page"}],"author":[{"embeddable":true,"href":"https:\/\/www.riminiluxor.com\/fr\/wp-json\/wp\/v2\/users\/2"}],"replies":[{"embeddable":true,"href":"https:\/\/www.riminiluxor.com\/fr\/wp-json\/wp\/v2\/comments?post=3254"}],"version-history":[{"count":2,"href":"https:\/\/www.riminiluxor.com\/fr\/wp-json\/wp\/v2\/pages\/3254\/revisions"}],"predecessor-version":[{"id":3778,"href":"https:\/\/www.riminiluxor.com\/fr\/wp-json\/wp\/v2\/pages\/3254\/revisions\/3778"}],"wp:attachment":[{"href":"https:\/\/www.riminiluxor.com\/fr\/wp-json\/wp\/v2\/media?parent=3254"}],"curies":[{"name":"wp","href":"https:\/\/api.w.org\/{rel}","templated":true}]}}