{"id":3202,"date":"2025-06-27T14:17:32","date_gmt":"2025-06-27T12:17:32","guid":{"rendered":"https:\/\/www.riminiluxor.com\/erklaerung-zur-barrierefreiheit\/"},"modified":"2025-10-28T15:08:35","modified_gmt":"2025-10-28T14:08:35","slug":"erklaerung-zur-barrierefreiheit","status":"publish","type":"page","link":"https:\/\/www.riminiluxor.com\/de\/erklaerung-zur-barrierefreiheit\/","title":{"rendered":"Erkl\u00e4rung zur Barrierefreiheit"},"content":{"rendered":"\t\t<div data-elementor-type=\"wp-page\" data-elementor-id=\"3202\" class=\"elementor elementor-3202 elementor-1118\" data-elementor-post-type=\"page\">\n\t\t\t\t<div class=\"elementor-element elementor-element-fea015a e-flex e-con-boxed e-con e-parent\" data-id=\"fea015a\" data-element_type=\"container\" data-e-type=\"container\">\n\t\t\t\t\t<div class=\"e-con-inner\">\n\t\t<div class=\"elementor-element elementor-element-d7b2f33 e-con-full e-flex e-con e-child\" data-id=\"d7b2f33\" data-element_type=\"container\" data-e-type=\"container\" data-settings=\"{&quot;background_background&quot;:&quot;classic&quot;}\">\n\t\t\t\t<div class=\"elementor-element elementor-element-f1cd5c3 elementor-widget elementor-widget-shortcode\" data-id=\"f1cd5c3\" data-element_type=\"widget\" data-e-type=\"widget\" data-widget_type=\"shortcode.default\">\n\t\t\t\t<div class=\"elementor-widget-container\">\n\t\t\t\t\t\t\t<div class=\"elementor-shortcode\"><h1>Erkl\u00e4rung zur Zug\u00e4nglichkeit<\/h1><h2>Hotel Rimini Luxor<\/h2><p>Viale Tripoli 203 (Marina Centro) 47921 Rimini (RN), Italia<\/p><p><a href=\"mailto:info@riminiluxor.com\">info@riminiluxor.com<\/a><\/p><p>Ragione Sociale: LUXOR SNC DI ALBA E BRUNO PELLEGRINI<br>\r\nSede Legale: Viale Tripoli 203 (Marina Centro) 47921 Rimini (RN), Italia<br>\r\nP.IVA e CF: 04009280407<br>\r\nCIR:099014-AL-00450<br>\r\nCIN:IT099014A1P9QCGGBY<\/p><p>Die Website wurde am <strong>10 November 2025<\/strong> ver\u00f6ffentlicht<br>Die Website wurde am <strong>17 April 2026<\/strong> aktualisiert<\/p><h2>Konformit\u00e4t<\/h2><p>Diese Website ist teilweise konform mit den Anforderungen von Anhang A der Norm UNI CEI EN 301 549 (WCAG 2.1 Stufe AA).<\/p><h2>Nicht barrierefreie Inhalte<\/h2><ul><li>Einige Elemente erf\u00fcllen nicht die Anforderungen an den Farbkontrast<\/li><li>Fehlende semantische Tags schr\u00e4nken die Navigation mit Screenreadern teilweise ein<\/li><li>Sitemap im Footer nicht vorhanden<\/li><li>Fokus ist nicht immer sichtbar<\/li><li>Brotkr\u00fcmelnavigation nicht vorhanden<\/li><\/ul><h2>Erkl\u00e4rung verfasst von Hotel Rimini Luxor<\/h2><p>Network Service Srl, basierend auf einer internen Bewertung vom 17 April 2026.<br> Die Erkl\u00e4rung wurde auf Grundlage einer Bewertung gem\u00e4\u00df der Richtlinie (EU) 2016\/2102 erstellt, durch eine Selbsteinsch\u00e4tzung von Network Service Srl mit Unterst\u00fctzung automatisierter Tools.<\/p><h2>Meldung von Problemen<\/h2><p>Sie k\u00f6nnen Barrierefreiheitsprobleme melden an:<br> E-Mail: <span style=\"text-decoration: underline;\"><a href=\"mailto:accessibilita@network-service.it\">accessibilita@network-service.it<\/a><\/span><br> Wir antworten innerhalb von 30 Werktagen.<\/p><h2>Meldung an AgID<\/h2><p>Wenn die Antwort nicht zufriedenstellend ist, k\u00f6nnen Sie eine Meldung an AgID senden: protocollo@pec.agid.gov.it.<\/p><\/div><style>\r\n        h1 { color: var(--e-global-color-primary); font-size: 40px !important; }\r\n        h2 { color: var(--e-global-color-text); font-size: 24px !important; }\r\n        p, a, li  { color: var(--e-global-color-text); font-size: 16px !important; }\r\n    <\/style><\/div>\n\t\t\t\t\t\t<\/div>\n\t\t\t\t<\/div>\n\t\t\t\t<\/div>\n\t\t\t\t\t<\/div>\n\t\t\t\t<\/div>\n\t\t\t\t<\/div>\n\t\t","protected":false},"excerpt":{"rendered":"","protected":false},"author":2,"featured_media":0,"parent":0,"menu_order":0,"comment_status":"closed","ping_status":"closed","template":"elementor_canvas","meta":{"_acf_changed":false,"footnotes":""},"class_list":["post-3202","page","type-page","status-publish","hentry"],"acf":[],"_links":{"self":[{"href":"https:\/\/www.riminiluxor.com\/de\/wp-json\/wp\/v2\/pages\/3202","targetHints":{"allow":["GET"]}}],"collection":[{"href":"https:\/\/www.riminiluxor.com\/de\/wp-json\/wp\/v2\/pages"}],"about":[{"href":"https:\/\/www.riminiluxor.com\/de\/wp-json\/wp\/v2\/types\/page"}],"author":[{"embeddable":true,"href":"https:\/\/www.riminiluxor.com\/de\/wp-json\/wp\/v2\/users\/2"}],"replies":[{"embeddable":true,"href":"https:\/\/www.riminiluxor.com\/de\/wp-json\/wp\/v2\/comments?post=3202"}],"version-history":[{"count":1,"href":"https:\/\/www.riminiluxor.com\/de\/wp-json\/wp\/v2\/pages\/3202\/revisions"}],"predecessor-version":[{"id":3203,"href":"https:\/\/www.riminiluxor.com\/de\/wp-json\/wp\/v2\/pages\/3202\/revisions\/3203"}],"wp:attachment":[{"href":"https:\/\/www.riminiluxor.com\/de\/wp-json\/wp\/v2\/media?parent=3202"}],"curies":[{"name":"wp","href":"https:\/\/api.w.org\/{rel}","templated":true}]}}