{"id":3194,"date":"2025-10-16T15:12:16","date_gmt":"2025-10-16T13:12:16","guid":{"rendered":"https:\/\/www.riminiluxor.com\/radtour\/"},"modified":"2025-10-29T14:14:03","modified_gmt":"2025-10-29T13:14:03","slug":"radtour","status":"publish","type":"page","link":"https:\/\/www.riminiluxor.com\/de\/radtour\/","title":{"rendered":"Radtour"},"content":{"rendered":"\t\t<div data-elementor-type=\"wp-page\" data-elementor-id=\"3194\" class=\"elementor elementor-3194 elementor-1310\" data-elementor-post-type=\"page\">\n\t\t\t\t<div class=\"elementor-element elementor-element-29f149f e-flex e-con-boxed e-con e-parent\" data-id=\"29f149f\" data-element_type=\"container\" data-e-type=\"container\" data-settings=\"{&quot;background_background&quot;:&quot;classic&quot;}\">\n\t\t\t\t\t<div class=\"e-con-inner\">\n\t\t<div class=\"elementor-element elementor-element-7775ea3 e-con-full slidertop e-flex e-con e-child\" data-id=\"7775ea3\" data-element_type=\"container\" data-e-type=\"container\">\n\t\t\t\t<div class=\"elementor-element elementor-element-e7d83d7 elementor--h-position-center elementor--v-position-middle elementor-arrows-position-inside elementor-pagination-position-inside elementor-widget elementor-widget-slides\" data-id=\"e7d83d7\" data-element_type=\"widget\" data-e-type=\"widget\" data-settings=\"{&quot;navigation&quot;:&quot;both&quot;,&quot;autoplay&quot;:&quot;yes&quot;,&quot;pause_on_hover&quot;:&quot;yes&quot;,&quot;pause_on_interaction&quot;:&quot;yes&quot;,&quot;autoplay_speed&quot;:5000,&quot;infinite&quot;:&quot;yes&quot;,&quot;transition&quot;:&quot;slide&quot;,&quot;transition_speed&quot;:500}\" data-widget_type=\"slides.default\">\n\t\t\t\t<div class=\"elementor-widget-container\">\n\t\t\t\t\t\t\t\t\t<div class=\"elementor-swiper\">\n\t\t\t\t\t<div class=\"elementor-slides-wrapper elementor-main-swiper swiper\" role=\"region\" aria-roledescription=\"carousel\" aria-label=\"Slides\" dir=\"ltr\" data-animation=\"fadeInUp\">\n\t\t\t\t<div class=\"swiper-wrapper elementor-slides\">\n\t\t\t\t\t\t\t\t\t\t<div class=\"elementor-repeater-item-f74f4e0 swiper-slide\" role=\"group\" aria-roledescription=\"slide\"><div class=\"swiper-slide-bg elementor-ken-burns elementor-ken-burns--in\" role=\"img\" aria-label=\"Zwei Radfahrer fahren bei Sonnenuntergang \u00fcber eine Wiese.\"><\/div><div class=\"swiper-slide-inner\" ><div class=\"swiper-slide-contents\"><\/div><\/div><\/div>\t\t\t\t<\/div>\n\t\t\t\t\t\t\t<\/div>\n\t\t\t\t<\/div>\n\t\t\t\t\t\t\t\t<\/div>\n\t\t\t\t<\/div>\n\t\t\t\t<div class=\"elementor-element elementor-element-3593c74 elementor-absolute e-transform elementor-view-default elementor-widget elementor-widget-icon\" data-id=\"3593c74\" data-element_type=\"widget\" data-e-type=\"widget\" data-settings=\"{&quot;_position&quot;:&quot;absolute&quot;,&quot;_transform_translateX_effect&quot;:{&quot;unit&quot;:&quot;%&quot;,&quot;size&quot;:-50,&quot;sizes&quot;:[]},&quot;_transform_translateX_effect_laptop&quot;:{&quot;unit&quot;:&quot;%&quot;,&quot;size&quot;:&quot;&quot;,&quot;sizes&quot;:[]},&quot;_transform_translateX_effect_tablet_extra&quot;:{&quot;unit&quot;:&quot;%&quot;,&quot;size&quot;:&quot;&quot;,&quot;sizes&quot;:[]},&quot;_transform_translateX_effect_tablet&quot;:{&quot;unit&quot;:&quot;%&quot;,&quot;size&quot;:&quot;&quot;,&quot;sizes&quot;:[]},&quot;_transform_translateX_effect_mobile&quot;:{&quot;unit&quot;:&quot;%&quot;,&quot;size&quot;:&quot;&quot;,&quot;sizes&quot;:[]},&quot;_transform_translateY_effect&quot;:{&quot;unit&quot;:&quot;px&quot;,&quot;size&quot;:&quot;&quot;,&quot;sizes&quot;:[]},&quot;_transform_translateY_effect_laptop&quot;:{&quot;unit&quot;:&quot;px&quot;,&quot;size&quot;:&quot;&quot;,&quot;sizes&quot;:[]},&quot;_transform_translateY_effect_tablet_extra&quot;:{&quot;unit&quot;:&quot;px&quot;,&quot;size&quot;:&quot;&quot;,&quot;sizes&quot;:[]},&quot;_transform_translateY_effect_tablet&quot;:{&quot;unit&quot;:&quot;px&quot;,&quot;size&quot;:&quot;&quot;,&quot;sizes&quot;:[]},&quot;_transform_translateY_effect_mobile&quot;:{&quot;unit&quot;:&quot;px&quot;,&quot;size&quot;:&quot;&quot;,&quot;sizes&quot;:[]}}\" data-widget_type=\"icon.default\">\n\t\t\t\t<div class=\"elementor-widget-container\">\n\t\t\t\t\t\t\t<div class=\"elementor-icon-wrapper\">\n\t\t\t<a class=\"elementor-icon\" href=\"#start\">\n\t\t\t<svg xmlns=\"http:\/\/www.w3.org\/2000\/svg\" viewBox=\"0 0 640 640\"><path d=\"M314.3 477.7C317.4 480.8 322.5 480.8 325.6 477.7L541.6 261.7C544.7 258.6 544.7 253.5 541.6 250.4C538.5 247.3 533.4 247.3 530.3 250.4L320 460.7L109.7 250.3C106.6 247.2 101.5 247.2 98.4 250.3C95.3 253.4 95.3 258.5 98.4 261.6L314.4 477.6z\"><\/path><\/svg>\t\t\t<\/a>\n\t\t<\/div>\n\t\t\t\t\t\t<\/div>\n\t\t\t\t<\/div>\n\t\t\t\t<\/div>\n\t\t\t\t<div class=\"elementor-element elementor-element-e107066 elementor-widget elementor-widget-menu-anchor\" data-id=\"e107066\" data-element_type=\"widget\" data-e-type=\"widget\" data-widget_type=\"menu-anchor.default\">\n\t\t\t\t<div class=\"elementor-widget-container\">\n\t\t\t\t\t\t\t<div class=\"elementor-menu-anchor\" id=\"start\"><\/div>\n\t\t\t\t\t\t<\/div>\n\t\t\t\t<\/div>\n\t\t<div class=\"elementor-element elementor-element-4b9fd13 e-con-full e-flex e-con e-child\" data-id=\"4b9fd13\" data-element_type=\"container\" data-e-type=\"container\">\n\t\t<div class=\"elementor-element elementor-element-f44316b e-con-full e-flex elementor-invisible e-con e-child\" data-id=\"f44316b\" data-element_type=\"container\" data-e-type=\"container\" data-settings=\"{&quot;animation&quot;:&quot;fadeInLeft&quot;}\">\n\t\t\t\t<div class=\"elementor-element elementor-element-8e63c06 elementor-widget elementor-widget-heading\" data-id=\"8e63c06\" data-element_type=\"widget\" data-e-type=\"widget\" data-widget_type=\"heading.default\">\n\t\t\t\t<div class=\"elementor-widget-container\">\n\t\t\t\t\t<h1 class=\"elementor-heading-title elementor-size-default\">Radtour Rimini<\/h1>\t\t\t\t<\/div>\n\t\t\t\t<\/div>\n\t\t\t\t<div class=\"elementor-element elementor-element-6a18642 elementor-widget elementor-widget-heading\" data-id=\"6a18642\" data-element_type=\"widget\" data-e-type=\"widget\" data-widget_type=\"heading.default\">\n\t\t\t\t<div class=\"elementor-widget-container\">\n\t\t\t\t\t<h2 class=\"elementor-heading-title elementor-size-default\">Mit der Tretunterst\u00fctzung das Hinterland der Romagna entdecken<\/h2>\t\t\t\t<\/div>\n\t\t\t\t<\/div>\n\t\t\t\t<div class=\"elementor-element elementor-element-e776140 elementor-widget elementor-widget-text-editor\" data-id=\"e776140\" data-element_type=\"widget\" data-e-type=\"widget\" data-widget_type=\"text-editor.default\">\n\t\t\t\t<div class=\"elementor-widget-container\">\n\t\t\t\t\t\t\t\t\t<p>LASCIATI SORPRENDERE DALL\u2019ALTRA ANIMA DI RIMINI, Esplorando le Colline dell&#8217;Entroterra, Grazie\u00a0ad un Nuovo Tipo di&#8230;Assistenza!<\/p>\n\t\t\t\t\t\t\t\t<\/div>\n\t\t\t\t<\/div>\n\t\t\t\t<\/div>\n\t\t<div class=\"elementor-element elementor-element-6d68119 e-con-full e-flex elementor-invisible e-con e-child\" data-id=\"6d68119\" data-element_type=\"container\" data-e-type=\"container\" data-settings=\"{&quot;animation&quot;:&quot;fadeInRight&quot;,&quot;animation_delay&quot;:300,&quot;background_background&quot;:&quot;classic&quot;}\">\n\t\t\t\t<div class=\"elementor-element elementor-element-399c01f elementor-absolute elementor-widget elementor-widget-image\" data-id=\"399c01f\" data-element_type=\"widget\" data-e-type=\"widget\" data-settings=\"{&quot;_position&quot;:&quot;absolute&quot;}\" data-widget_type=\"image.default\">\n\t\t\t\t<div class=\"elementor-widget-container\">\n\t\t\t\t\t\t\t\t\t\t\t\t\t\t\t<img decoding=\"async\" width=\"120\" height=\"163\" src=\"https:\/\/www.riminiluxor.com\/wp-content\/uploads\/2025\/10\/deco1.webp\" class=\"attachment-large size-large wp-image-1780\" alt=\"Ein vollst\u00e4ndig wei\u00dfes Bild ohne erkennbare Inhalte.\" loading=\"lazy\" \/>\t\t\t\t\t\t\t\t\t\t\t\t\t\t\t<\/div>\n\t\t\t\t<\/div>\n\t\t\t\t<div class=\"elementor-element elementor-element-0dedc4b elementor-absolute elementor-widget elementor-widget-image\" data-id=\"0dedc4b\" data-element_type=\"widget\" data-e-type=\"widget\" data-settings=\"{&quot;_position&quot;:&quot;absolute&quot;}\" data-widget_type=\"image.default\">\n\t\t\t\t<div class=\"elementor-widget-container\">\n\t\t\t\t\t\t\t\t\t\t\t\t\t\t\t<img decoding=\"async\" width=\"120\" height=\"163\" src=\"https:\/\/www.riminiluxor.com\/wp-content\/uploads\/2025\/10\/deco2.webp\" class=\"attachment-large size-large wp-image-1785\" alt=\"Ein komplett wei\u00dfes Bild ohne erkennbare Details oder Objekte.\" loading=\"lazy\" \/>\t\t\t\t\t\t\t\t\t\t\t\t\t\t\t<\/div>\n\t\t\t\t<\/div>\n\t\t\t\t<\/div>\n\t\t\t\t<\/div>\n\t\t<div class=\"elementor-element elementor-element-96df62d e-con-full e-flex elementor-invisible e-con e-child\" data-id=\"96df62d\" data-element_type=\"container\" data-e-type=\"container\" data-settings=\"{&quot;background_background&quot;:&quot;classic&quot;,&quot;animation&quot;:&quot;fadeIn&quot;}\">\n\t\t\t\t<\/div>\n\t\t<div class=\"elementor-element elementor-element-028939b e-con-full e-flex e-con e-child\" data-id=\"028939b\" data-element_type=\"container\" data-e-type=\"container\" data-settings=\"{&quot;background_background&quot;:&quot;classic&quot;}\">\n\t\t<div class=\"elementor-element elementor-element-a971512 e-con-full e-flex elementor-invisible e-con e-child\" data-id=\"a971512\" data-element_type=\"container\" data-e-type=\"container\" data-settings=\"{&quot;animation&quot;:&quot;fadeInLeft&quot;,&quot;animation_delay&quot;:300,&quot;background_background&quot;:&quot;classic&quot;}\">\n\t\t\t\t<\/div>\n\t\t<div class=\"elementor-element elementor-element-d230ff9 e-con-full e-flex elementor-invisible e-con e-child\" data-id=\"d230ff9\" data-element_type=\"container\" data-e-type=\"container\" data-settings=\"{&quot;animation&quot;:&quot;fadeIn&quot;}\">\n\t\t\t\t<div class=\"elementor-element elementor-element-550b5e0 elementor-widget elementor-widget-text-editor\" data-id=\"550b5e0\" data-element_type=\"widget\" data-e-type=\"widget\" data-widget_type=\"text-editor.default\">\n\t\t\t\t<div class=\"elementor-widget-container\">\n\t\t\t\t\t\t\t\t\t<p>Wenn <strong>Rimini<\/strong> heute eines der <strong>bekanntesten Reiseziele Italiens<\/strong> und Europas ist, dann verdankt es dies sicherlich seinem Strandcharakter. Die Vielfalt an Dienstleistungen, das aufrichtige L\u00e4cheln seiner einfachen Menschen und die gute Erreichbarkeit aus vielen Teilen Italiens machen ihn zu einem der beliebtesten Reiseziele, wenn es um Urlaub am Meer geht.<\/p>\n<div class=\"ca20\"><\/div>\n<p>Der Tourismus in Rimini ist eigentlich ein relativ neues Ph\u00e4nomen, denn die Stadt blickt auf eine viel l\u00e4ngere Geschichte zur\u00fcck, wie die antiken r\u00f6mischen Zeugnisse (Augustusbogen, Domus del Chirurgo und Tiberiusbr\u00fccke) belegen.<\/p>\n\t\t\t\t\t\t\t\t<\/div>\n\t\t\t\t<\/div>\n\t\t\t\t<\/div>\n\t\t<div class=\"elementor-element elementor-element-193246b e-con-full elementor-hidden-tablet elementor-hidden-mobile e-flex elementor-invisible e-con e-child\" data-id=\"193246b\" data-element_type=\"container\" data-e-type=\"container\" data-settings=\"{&quot;animation&quot;:&quot;fadeInRight&quot;,&quot;animation_delay&quot;:300,&quot;background_background&quot;:&quot;classic&quot;}\">\n\t\t\t\t<div class=\"elementor-element elementor-element-885c292 elementor-absolute elementor-widget elementor-widget-image\" data-id=\"885c292\" data-element_type=\"widget\" data-e-type=\"widget\" data-settings=\"{&quot;_position&quot;:&quot;absolute&quot;}\" data-widget_type=\"image.default\">\n\t\t\t\t<div class=\"elementor-widget-container\">\n\t\t\t\t\t\t\t\t\t\t\t\t\t\t\t<img decoding=\"async\" width=\"120\" height=\"163\" src=\"https:\/\/www.riminiluxor.com\/wp-content\/uploads\/2025\/10\/deco1.webp\" class=\"attachment-large size-large wp-image-1780\" alt=\"Ein vollst\u00e4ndig wei\u00dfes Bild ohne erkennbare Inhalte.\" loading=\"lazy\" \/>\t\t\t\t\t\t\t\t\t\t\t\t\t\t\t<\/div>\n\t\t\t\t<\/div>\n\t\t\t\t<div class=\"elementor-element elementor-element-9b67861 elementor-absolute elementor-widget elementor-widget-image\" data-id=\"9b67861\" data-element_type=\"widget\" data-e-type=\"widget\" data-settings=\"{&quot;_position&quot;:&quot;absolute&quot;}\" data-widget_type=\"image.default\">\n\t\t\t\t<div class=\"elementor-widget-container\">\n\t\t\t\t\t\t\t\t\t\t\t\t\t\t\t<img decoding=\"async\" width=\"120\" height=\"163\" src=\"https:\/\/www.riminiluxor.com\/wp-content\/uploads\/2025\/10\/deco2.webp\" class=\"attachment-large size-large wp-image-1785\" alt=\"Ein komplett wei\u00dfes Bild ohne erkennbare Details oder Objekte.\" loading=\"lazy\" \/>\t\t\t\t\t\t\t\t\t\t\t\t\t\t\t<\/div>\n\t\t\t\t<\/div>\n\t\t\t\t<\/div>\n\t\t\t\t<\/div>\n\t\t<div class=\"elementor-element elementor-element-b66ab90 e-con-full e-flex e-con e-child\" data-id=\"b66ab90\" data-element_type=\"container\" data-e-type=\"container\">\n\t\t<div class=\"elementor-element elementor-element-23edf5e e-con-full e-flex elementor-invisible e-con e-child\" data-id=\"23edf5e\" data-element_type=\"container\" data-e-type=\"container\" data-settings=\"{&quot;animation&quot;:&quot;fadeInLeft&quot;,&quot;background_background&quot;:&quot;classic&quot;}\">\n\t\t\t\t<div class=\"elementor-element elementor-element-6f2e722 elementor-widget elementor-widget-text-editor\" data-id=\"6f2e722\" data-element_type=\"widget\" data-e-type=\"widget\" data-widget_type=\"text-editor.default\">\n\t\t\t\t<div class=\"elementor-widget-container\">\n\t\t\t\t\t\t\t\t\t<p>Auch die Umgebung der Stadt \u2013 gepr\u00e4gt von Ackerland, Viehzucht, Wein- und Olivenanbau \u2013 ist zweifellos einer der <strong>Sch\u00e4tze der Region<\/strong> und verdient unserer Meinung nach nicht weniger Aufmerksamkeit als die traditionelleren Touren.<\/p>\n<div class=\"ca10\"><\/div>\n<p>Aus diesem Grund haben wir moderne Touren entwickelt, die sich der technologischen Unterst\u00fctzung von E-Bikes (Elektrofahrr\u00e4der mit Tretunterst\u00fctzung) und hochqualifizierten, begeisterten Reiseleitern bedienen, um unseren G\u00e4sten die M\u00f6glichkeit zu geben, eine der verborgensten, aber nicht weniger faszinierenden Seiten von Rimini entdecken k\u00f6nnen, insbesondere im Herbst, wenn die Natur sich von ihrer sch\u00f6nsten Seite zeigt und die gerade zu Ende gegangene Badesaison es erm\u00f6glicht, die Stadt noch authentischer zu erleben.<\/p>\n\t\t\t\t\t\t\t\t<\/div>\n\t\t\t\t<\/div>\n\t\t\t\t<\/div>\n\t\t<div class=\"elementor-element elementor-element-4c3e30f e-con-full e-flex elementor-invisible e-con e-child\" data-id=\"4c3e30f\" data-element_type=\"container\" data-e-type=\"container\" data-settings=\"{&quot;animation&quot;:&quot;fadeInRight&quot;,&quot;animation_delay&quot;:300,&quot;background_background&quot;:&quot;classic&quot;}\">\n\t\t\t\t<div class=\"elementor-element elementor-element-e55e538 elementor-absolute elementor-widget elementor-widget-image\" data-id=\"e55e538\" data-element_type=\"widget\" data-e-type=\"widget\" data-settings=\"{&quot;_position&quot;:&quot;absolute&quot;}\" data-widget_type=\"image.default\">\n\t\t\t\t<div class=\"elementor-widget-container\">\n\t\t\t\t\t\t\t\t\t\t\t\t\t\t\t<img decoding=\"async\" width=\"120\" height=\"163\" src=\"https:\/\/www.riminiluxor.com\/wp-content\/uploads\/2025\/10\/deco1.webp\" class=\"attachment-large size-large wp-image-1780\" alt=\"Ein vollst\u00e4ndig wei\u00dfes Bild ohne erkennbare Inhalte.\" loading=\"lazy\" \/>\t\t\t\t\t\t\t\t\t\t\t\t\t\t\t<\/div>\n\t\t\t\t<\/div>\n\t\t\t\t<div class=\"elementor-element elementor-element-80f1f45 elementor-absolute elementor-widget elementor-widget-image\" data-id=\"80f1f45\" data-element_type=\"widget\" data-e-type=\"widget\" data-settings=\"{&quot;_position&quot;:&quot;absolute&quot;}\" data-widget_type=\"image.default\">\n\t\t\t\t<div class=\"elementor-widget-container\">\n\t\t\t\t\t\t\t\t\t\t\t\t\t\t\t<img decoding=\"async\" width=\"120\" height=\"163\" src=\"https:\/\/www.riminiluxor.com\/wp-content\/uploads\/2025\/10\/deco2.webp\" class=\"attachment-large size-large wp-image-1785\" alt=\"Ein komplett wei\u00dfes Bild ohne erkennbare Details oder Objekte.\" loading=\"lazy\" \/>\t\t\t\t\t\t\t\t\t\t\t\t\t\t\t<\/div>\n\t\t\t\t<\/div>\n\t\t\t\t<\/div>\n\t\t\t\t<\/div>\n\t\t\t\t\t<\/div>\n\t\t\t\t<\/div>\n\t\t\t\t<\/div>\n\t\t","protected":false},"excerpt":{"rendered":"<p>Radtour Rimini Mit der Tretunterst\u00fctzung das Hinterland der Romagna entdecken LASCIATI SORPRENDERE DALL\u2019ALTRA ANIMA DI RIMINI, Esplorando le Colline dell&#8217;Entroterra, Grazie\u00a0ad un Nuovo Tipo di&#8230;Assistenza! Wenn Rimini heute eines der bekanntesten Reiseziele Italiens und Europas ist, dann verdankt es dies sicherlich seinem Strandcharakter. Die Vielfalt an Dienstleistungen, das aufrichtige L\u00e4cheln seiner einfachen Menschen und die [&hellip;]<\/p>\n","protected":false},"author":2,"featured_media":0,"parent":0,"menu_order":0,"comment_status":"closed","ping_status":"closed","template":"","meta":{"_acf_changed":false,"footnotes":""},"class_list":["post-3194","page","type-page","status-publish","hentry"],"acf":[],"_links":{"self":[{"href":"https:\/\/www.riminiluxor.com\/de\/wp-json\/wp\/v2\/pages\/3194","targetHints":{"allow":["GET"]}}],"collection":[{"href":"https:\/\/www.riminiluxor.com\/de\/wp-json\/wp\/v2\/pages"}],"about":[{"href":"https:\/\/www.riminiluxor.com\/de\/wp-json\/wp\/v2\/types\/page"}],"author":[{"embeddable":true,"href":"https:\/\/www.riminiluxor.com\/de\/wp-json\/wp\/v2\/users\/2"}],"replies":[{"embeddable":true,"href":"https:\/\/www.riminiluxor.com\/de\/wp-json\/wp\/v2\/comments?post=3194"}],"version-history":[{"count":4,"href":"https:\/\/www.riminiluxor.com\/de\/wp-json\/wp\/v2\/pages\/3194\/revisions"}],"predecessor-version":[{"id":3719,"href":"https:\/\/www.riminiluxor.com\/de\/wp-json\/wp\/v2\/pages\/3194\/revisions\/3719"}],"wp:attachment":[{"href":"https:\/\/www.riminiluxor.com\/de\/wp-json\/wp\/v2\/media?parent=3194"}],"curies":[{"name":"wp","href":"https:\/\/api.w.org\/{rel}","templated":true}]}}